{"id":8511,"date":"2023-02-09T13:21:43","date_gmt":"2023-02-09T12:21:43","guid":{"rendered":"https:\/\/beta.close.technology\/plugins\/plugin-configuration\/"},"modified":"2026-04-29T13:43:26","modified_gmt":"2026-04-29T11:43:26","slug":"plugin-configuration","status":"publish","type":"product","link":"https:\/\/close.technology\/en\/plugins\/plugin-configuration\/","title":{"rendered":"Plugin configuration"},"content":{"rendered":"\n<p>Este servicio de configuraci\u00f3n de plugins ayuda a optimizar el rendimiento y funcionalidad de un sitio web al instalar uno de ellos. Este servicio incluye:<\/p>\n\n\n\n<ul class=\"wp-block-list\">\n<li>Instalaci\u00f3n del pugin<\/li>\n\n\n\n<li>Correcci\u00f3n de posibles errores<\/li>\n\n\n\n<li>Configuraci\u00f3n del plugin general<\/li>\n<\/ul>\n\n\n\n<p>Nuestro equipo con amplia experiencia en la configuraci\u00f3n de plugins de WordPress podr\u00e1 ayudarte a conseguir un sitio web \u00f3ptimo y sin errores. Conf\u00eda en nosotros para tu configuraci\u00f3n de plugins de una forma c\u00f3moda y sencilla.<\/p>\n","protected":false},"excerpt":{"rendered":"<p>Having trouble setting up plugins? We can help!<\/p>\n","protected":false},"featured_media":8510,"comment_status":"open","ping_status":"closed","template":"","meta":{"inline_featured_image":false},"product_brand":[],"product_cat":[123],"product_tag":[],"class_list":{"0":"post-8511","1":"product","2":"type-product","3":"status-publish","4":"has-post-thumbnail","6":"product_cat-wordpress-plugins","7":"sales-flash-overlay","8":"woocommerce-text-align-center","9":"woocommerce-image-align-center","10":"do-quantity-buttons","12":"first","13":"instock","14":"virtual","15":"taxable","16":"purchasable","17":"product-type-simple"},"_links":{"self":[{"href":"https:\/\/close.technology\/en\/wp-json\/wp\/v2\/product\/8511","targetHints":{"allow":["GET"]}}],"collection":[{"href":"https:\/\/close.technology\/en\/wp-json\/wp\/v2\/product"}],"about":[{"href":"https:\/\/close.technology\/en\/wp-json\/wp\/v2\/types\/product"}],"replies":[{"embeddable":true,"href":"https:\/\/close.technology\/en\/wp-json\/wp\/v2\/comments?post=8511"}],"wp:featuredmedia":[{"embeddable":true,"href":"https:\/\/close.technology\/en\/wp-json\/wp\/v2\/media\/8510"}],"wp:attachment":[{"href":"https:\/\/close.technology\/en\/wp-json\/wp\/v2\/media?parent=8511"}],"wp:term":[{"taxonomy":"product_brand","embeddable":true,"href":"https:\/\/close.technology\/en\/wp-json\/wp\/v2\/product_brand?post=8511"},{"taxonomy":"product_cat","embeddable":true,"href":"https:\/\/close.technology\/en\/wp-json\/wp\/v2\/product_cat?post=8511"},{"taxonomy":"product_tag","embeddable":true,"href":"https:\/\/close.technology\/en\/wp-json\/wp\/v2\/product_tag?post=8511"}],"curies":[{"name":"wp","href":"https:\/\/api.w.org\/{rel}","templated":true}]}}