{"id":8384,"date":"2025-09-01T13:03:45","date_gmt":"2025-09-01T11:03:45","guid":{"rendered":"https:\/\/beta.close.technology\/plugins\/connect-woocommerce-online-stores-with-datisa-erp\/"},"modified":"2026-04-29T08:03:50","modified_gmt":"2026-04-29T06:03:50","slug":"connect-woocommerce-online-stores-with-datisa-erp","status":"publish","type":"product","link":"https:\/\/close.technology\/en\/plugins\/connect-woocommerce-online-stores-with-datisa-erp\/","title":{"rendered":"Connect WooCommerce Online Stores with Datisa ERP"},"content":{"rendered":"\n<p>The <strong>WooCommerce ERP Datisa Connector Plugin<\/strong> is a solution developed by <strong>Close\u00b7technology<\/strong> that allows you to <strong>automatically sync your online store with your Datisa ERP system<\/strong>, ensuring information flows in both directions through <strong>data synchronization<\/strong> between both platforms.<\/p>\n\n<p>With this connector, you can keep your <strong>products, customers, orders and inventory<\/strong> updated in real time, reducing errors and gaining efficiency in managing your online business.<\/p>\n\n<h2 class=\"wp-block-heading\"><strong>Main plugin features<\/strong><\/h2>\n\n<ul class=\"wp-block-list\">\n<li><strong>Order synchronization<\/strong>: all orders generated in WooCommerce are automatically integrated into Datisa, ready for administrative and logistics management.<\/li>\n\n\n\n<li><strong>Real-time inventory management<\/strong>: stock is automatically updated between WooCommerce and Datisa, preventing sales of out-of-stock products.<\/li>\n\n\n\n<li><strong>Customer updates<\/strong>: create and update customer records in a unified way across both platforms.<\/li>\n\n\n\n<li><strong>Invoice and payment synchronization<\/strong>: simplifies accounting and administrative management.<\/li>\n\n\n\n<li><strong>Unified reports<\/strong>: view consolidated sales and inventory data for better decision-making.<\/li>\n<\/ul>\n\n<figure class=\"wp-block-image size-large is-resized\"><img decoding=\"async\" width=\"1024\" height=\"683\" src=\"https:\/\/close.technology\/wp-content\/uploads\/2025\/09\/partial-view-of-pensive-businessman-looking-at-lap-2024-11-17-08-06-43-utc-2-1024x683.jpg\" alt=\"erp datisa\" class=\"wp-image-7434\" style=\"width:641px;height:auto\" srcset=\"https:\/\/close.technology\/wp-content\/uploads\/2025\/09\/partial-view-of-pensive-businessman-looking-at-lap-2024-11-17-08-06-43-utc-2-1024x683.jpg 1024w, https:\/\/close.technology\/wp-content\/uploads\/2025\/09\/partial-view-of-pensive-businessman-looking-at-lap-2024-11-17-08-06-43-utc-2-300x200.jpg 300w, https:\/\/close.technology\/wp-content\/uploads\/2025\/09\/partial-view-of-pensive-businessman-looking-at-lap-2024-11-17-08-06-43-utc-2-768x513.jpg 768w, https:\/\/close.technology\/wp-content\/uploads\/2025\/09\/partial-view-of-pensive-businessman-looking-at-lap-2024-11-17-08-06-43-utc-2-427x285.jpg 427w, https:\/\/close.technology\/wp-content\/uploads\/2025\/09\/partial-view-of-pensive-businessman-looking-at-lap-2024-11-17-08-06-43-utc-2-1536x1025.jpg 1536w, https:\/\/close.technology\/wp-content\/uploads\/2025\/09\/partial-view-of-pensive-businessman-looking-at-lap-2024-11-17-08-06-43-utc-2-scaled.jpg 2048w, https:\/\/close.technology\/wp-content\/uploads\/2025\/09\/partial-view-of-pensive-businessman-looking-at-lap-2024-11-17-08-06-43-utc-2-600x400.jpg 600w\" sizes=\"(max-width: 1024px) 100vw, 1024px\" \/><\/figure>\n\n<p><\/p>\n\n<h2 class=\"wp-block-heading\"><strong>Why integrate WooCommerce with Datisa?<\/strong><\/h2>\n\n<p class=\"gb-headline gb-headline-45a32297\"><span class=\"gb-icon\"><svg aria-hidden=\"true\" role=\"img\" height=\"1em\" width=\"1em\" viewBox=\"0 0 512 512\" xmlns=\"http:\/\/www.w3.org\/2000\/svg\"><path fill=\"currentColor\" d=\"M173.898 439.404l-166.4-166.4c-9.997-9.997-9.997-26.206 0-36.204l36.203-36.204c9.997-9.998 26.207-9.998 36.204 0L192 312.69 432.095 72.596c9.997-9.997 26.207-9.997 36.204 0l36.203 36.204c9.997 9.997 9.997 26.206 0 36.204l-294.4 294.401c-9.998 9.997-26.207 9.997-36.204-.001z\"><\/path><\/svg><\/span><span class=\"gb-headline-text\"><strong>Time savings<\/strong>: eliminates manual tasks and data duplication.<\/span><\/p>\n\n<p class=\"gb-headline gb-headline-aaaba5a6\"><span class=\"gb-icon\"><svg aria-hidden=\"true\" role=\"img\" height=\"1em\" width=\"1em\" viewBox=\"0 0 512 512\" xmlns=\"http:\/\/www.w3.org\/2000\/svg\"><path fill=\"currentColor\" d=\"M173.898 439.404l-166.4-166.4c-9.997-9.997-9.997-26.206 0-36.204l36.203-36.204c9.997-9.998 26.207-9.998 36.204 0L192 312.69 432.095 72.596c9.997-9.997 26.207-9.997 36.204 0l36.203 36.204c9.997 9.997 9.997 26.206 0 36.204l-294.4 294.401c-9.998 9.997-26.207 9.997-36.204-.001z\"><\/path><\/svg><\/span><span class=\"gb-headline-text\"><strong>Greater accuracy<\/strong>: reduced errors in orders, invoicing and stock.<\/span><\/p>\n\n<p class=\"gb-headline gb-headline-e21983bb\"><span class=\"gb-icon\"><svg aria-hidden=\"true\" role=\"img\" height=\"1em\" width=\"1em\" viewBox=\"0 0 512 512\" xmlns=\"http:\/\/www.w3.org\/2000\/svg\"><path fill=\"currentColor\" d=\"M173.898 439.404l-166.4-166.4c-9.997-9.997-9.997-26.206 0-36.204l36.203-36.204c9.997-9.998 26.207-9.998 36.204 0L192 312.69 432.095 72.596c9.997-9.997 26.207-9.997 36.204 0l36.203 36.204c9.997 9.997 9.997 26.206 0 36.204l-294.4 294.401c-9.998 9.997-26.207 9.997-36.204-.001z\"><\/path><\/svg><\/span><span class=\"gb-headline-text\"><strong>Better customer experience<\/strong>: faster orders and updated stock. <\/span><\/p>\n\n<p class=\"gb-headline gb-headline-0c621a25\"><span class=\"gb-icon\"><svg aria-hidden=\"true\" role=\"img\" height=\"1em\" width=\"1em\" viewBox=\"0 0 512 512\" xmlns=\"http:\/\/www.w3.org\/2000\/svg\"><path fill=\"currentColor\" d=\"M173.898 439.404l-166.4-166.4c-9.997-9.997-9.997-26.206 0-36.204l36.203-36.204c9.997-9.998 26.207-9.998 36.204 0L192 312.69 432.095 72.596c9.997-9.997 26.207-9.997 36.204 0l36.203 36.204c9.997 9.997 9.997 26.206 0 36.204l-294.4 294.401c-9.998 9.997-26.207 9.997-36.204-.001z\"><\/path><\/svg><\/span><span class=\"gb-headline-text\"><strong>Centralized view<\/strong>: unifies commercial, financial and logistics information.<\/span><\/p>\n\n<h2 class=\"wp-block-heading\"><strong>How to install the plugin?<\/strong><\/h2>\n<div class=\"gb-grid-wrapper gb-grid-wrapper-0751b30d\">\n<div class=\"gb-grid-column gb-grid-column-ab005612\"><div class=\"gb-container gb-container-ab005612\"><div class=\"gb-inside-container\">\n\n<p class=\"gb-headline gb-headline-5a54675c gb-headline-text\"><strong>Install<\/strong> our plugin on your WordPress installation.<\/p>\n\n<\/div><\/div><\/div>\n\n<div class=\"gb-grid-column gb-grid-column-34d726bf\"><div class=\"gb-container gb-container-34d726bf\"><div class=\"gb-inside-container\">\n\n<p class=\"gb-headline gb-headline-fa7b1ac7 gb-headline-text\">Configure the <strong>WooCommerce settings<\/strong> in your WordPress. <strong>Sync<\/strong> products, orders, settings, automations and licenses.<\/p>\n\n<\/div><\/div><\/div>\n\n<div class=\"gb-grid-column gb-grid-column-a8cb6c63\"><div class=\"gb-container gb-container-a8cb6c63\"><div class=\"gb-inside-container\">\n\n<p><strong>And you&#8217;re done!<\/strong><\/p>\n\n\n\n<p class=\"gb-headline gb-headline-e0464456 gb-headline-text\">That&#8217;s how easy it is to connect your WooCommerce online store with your Datisa ERP.<\/p>\n\n<\/div><\/div><\/div>\n<\/div>\n<h2 class=\"wp-block-heading\"><strong>Who is this connector for?<\/strong><\/h2>\n\n<p>This plugin is designed for companies that:<\/p>\n\n<ul class=\"wp-block-list\">\n<li>Sell online through <strong>WooCommerce<\/strong> and manage their back-office with <strong>ERP Datisa<\/strong>.<\/li>\n\n\n\n<li>Are looking to <strong>automate processes<\/strong> to be more efficient.<\/li>\n\n\n\n<li>Want to reduce errors and costs in administrative management.<\/li>\n\n\n\n<li>Need to <strong>integrate<\/strong> their <strong>online store with their ERP<\/strong> in a secure and reliable way.<\/li>\n<\/ul>\n\t\t<div class=\"frbl-insert-post\">\n\t\t\t\t\t\t\t<h2 class=\"frbl-insert-post-title\">Datisa<\/h2>\n\t\t\t\t\t\t\n\t\t\t<div class=\"frbl-insert-post-content\">\n\t\t\t\t<div class=\"gb-container gb-container-0f3d677c\">\n\n<div class=\"wp-block-columns is-layout-flex wp-container-core-columns-is-layout-9d6595d7 wp-block-columns-is-layout-flex\">\n<div class=\"wp-block-column is-layout-flow wp-block-column-is-layout-flow\"><div class=\"gb-container gb-container-ec109de1\">\n\n<p class=\"gb-headline gb-headline-70bf2683 gb-headline-text\"><strong>Datisa<\/strong> es un software de gesti\u00f3n empresarial (ERP) especializado en ayudar a las pymes a gestionar sus procesos administrativos y financieros de manera eficiente. Su principal funcionalidad es la <strong>gesti\u00f3n contable<\/strong>, que permite automatizar tareas como la contabilidad general, conciliaci\u00f3n bancaria y generaci\u00f3n de informes financieros.<\/p>\n\n<\/div><\/div>\n\n\n\n<div class=\"wp-block-column is-layout-flow wp-block-column-is-layout-flow\"><div class=\"gb-container gb-container-fefccbb4\">\n\n<figure class=\"wp-block-image size-full is-resized is-style-default\"><img decoding=\"async\" width=\"479\" height=\"479\" src=\"https:\/\/close.technology\/wp-content\/uploads\/2024\/09\/logo-datisa.png\" alt=\"Logo Datisa\" class=\"wp-image-7565\" style=\"object-fit:cover;width:294px;height:auto\" srcset=\"https:\/\/close.technology\/wp-content\/uploads\/2024\/09\/logo-datisa.png 479w, https:\/\/close.technology\/wp-content\/uploads\/2024\/09\/logo-datisa-300x300.png 300w, https:\/\/close.technology\/wp-content\/uploads\/2024\/09\/logo-datisa-150x150.png 150w, https:\/\/close.technology\/wp-content\/uploads\/2024\/09\/logo-datisa-285x285.png 285w, https:\/\/close.technology\/wp-content\/uploads\/2024\/09\/logo-datisa-100x100.png 100w\" sizes=\"(max-width: 479px) 100vw, 479px\" \/><\/figure>\n\n<\/div><\/div>\n<\/div>\n\n\n\n<p class=\"gb-headline gb-headline-b79b2827 gb-headline-text\">Adem\u00e1s, Datisa incluye herramientas para la <strong>gesti\u00f3n de facturaci\u00f3n<\/strong>, facilitando la creaci\u00f3n y env\u00edo de facturas, el control de cobros y pagos, as\u00ed como la generaci\u00f3n de presupuestos. Tambi\u00e9n cuenta con m\u00f3dulos para <strong>gesti\u00f3n de inventarios<\/strong>, <strong>compras<\/strong> y <strong>ventas<\/strong>, proporcionando una visi\u00f3n global del estado financiero y operativo de la empresa.<br><br>Es ideal para peque\u00f1as y medianas empresas que buscan una soluci\u00f3n integrada para controlar su <strong>contabilidad, finanzas y operaciones<\/strong>, optimizando as\u00ed sus procesos internos.<\/p>\n\n<\/div>\n\n<div class=\"gb-container gb-container-9eab8e4f\">\n\n<h2 class=\"gb-headline gb-headline-7563b19e gb-headline-text\"><strong>Principales funcionalidades de Datisa<\/strong><\/h2>\n\n<\/div>\n\n<div class=\"gb-container gb-container-dd48e0bc\">\n<div class=\"gb-grid-wrapper gb-grid-wrapper-c4d4e847\">\n<div class=\"gb-grid-column gb-grid-column-5a439929\"><div class=\"gb-container gb-container-5a439929\">\n\n<p class=\"gb-headline gb-headline-09d603ec gb-headline-text\"><strong>Gesti\u00f3n financiera<\/strong><\/p>\n\n\n\n<p class=\"gb-headline gb-headline-7abff17e gb-headline-text\">Contabilidad general y anal\u00edtica, tesorer\u00eda, control de liquidez y gesti\u00f3n fiscal.<\/p>\n\n<\/div><\/div>\n\n<div class=\"gb-grid-column gb-grid-column-e7346730\"><div class=\"gb-container gb-container-e7346730\">\n\n<p class=\"gb-headline gb-headline-68fcf155 gb-headline-text\"><strong><strong>Ventas y Facturaci\u00f3n<\/strong><\/strong><\/p>\n\n\n\n<p class=\"gb-headline gb-headline-741c2634 gb-headline-text\">Pedidos, albaranes, facturaci\u00f3n electr\u00f3nica, seguimiento de cobros y clientes.<a href=\"https:\/\/finesmarthome.es\/accesos-2\/?utm_source=chatgpt.com\" target=\"_blank\" rel=\"noreferrer noopener\"><\/a><\/p>\n\n<\/div><\/div>\n\n<div class=\"gb-grid-column gb-grid-column-7cb7dcbc\"><div class=\"gb-container gb-container-7cb7dcbc\">\n\n<p class=\"gb-headline gb-headline-9c8dc6be gb-headline-text\"><strong><strong>Compras y Proveedores<\/strong><\/strong><\/p>\n\n\n\n<p class=\"gb-headline gb-headline-894bf1d5 gb-headline-text\">Control de pedidos, facturas, gesti\u00f3n de proveedores y tarifas.<\/p>\n\n<\/div><\/div>\n\n<div class=\"gb-grid-column gb-grid-column-8fe8efda\"><div class=\"gb-container gb-container-8fe8efda\">\n\n<p class=\"gb-headline gb-headline-b2e945d6 gb-headline-text\"><strong><strong><strong>Almac\u00e9n e Inventario<\/strong><\/strong><\/strong><\/p>\n\n\n\n<p class=\"gb-headline gb-headline-774b6d0c gb-headline-text\">Control de stock en tiempo real, trazabilidad de productos y optimizaci\u00f3n de movimientos.<\/p>\n\n<\/div><\/div>\n\n<div class=\"gb-grid-column gb-grid-column-d65cdd8c\"><div class=\"gb-container gb-container-d65cdd8c\">\n\n<p class=\"gb-headline gb-headline-5707393f gb-headline-text\"><strong><strong><strong>Recursos Humanos<\/strong><\/strong><\/strong><\/p>\n\n\n\n<p class=\"gb-headline gb-headline-2116024a gb-headline-text\">N\u00f3minas, contratos, gesti\u00f3n de vacaciones y conexi\u00f3n con organismos oficiales.<\/p>\n\n<\/div><\/div>\n<\/div>\n<\/div>\n\n<div class=\"gb-container gb-container-a4b6b7a4\">\n\n<div style=\"height:22px\" aria-hidden=\"true\" class=\"wp-block-spacer\"><\/div>\n\n\n\n<h2 class=\"gb-headline gb-headline-6d0c7c56 gb-headline-text\"><strong>Ventajas de conectar Datisa con un eCommerce y otras herramientas de gesti\u00f3n<\/strong><\/h2>\n\n\n\n<p class=\"gb-headline gb-headline-efe9e106\"><span class=\"gb-icon\"><\/span><span class=\"gb-headline-text\"><strong>Conexi\u00f3n con eCommerce<\/strong><\/span><\/p>\n\n\n\n<p>Sincronizaci\u00f3n autom\u00e1tica de pedidos, facturaci\u00f3n y control de stock entre tu tienda online y el ERP.<\/p>\n\n\n\n<p class=\"gb-headline gb-headline-f0eabc42\"><span class=\"gb-icon\"><\/span><span class=\"gb-headline-text\"><strong>Integraci\u00f3n con CRM<\/strong><\/span><\/p>\n\n\n\n<p>Mayor control sobre clientes, oportunidades comerciales y seguimiento de interacciones.<\/p>\n\n\n\n<p class=\"gb-headline gb-headline-64bda62b\"><span class=\"gb-icon\"><\/span><span class=\"gb-headline-text\"><strong>Business Intelligence<\/strong><\/span><\/p>\n\n\n\n<p>An\u00e1lisis avanzado de datos en tiempo real para decisiones estrat\u00e9gicas m\u00e1s r\u00e1pidas y precisas.<\/p>\n\n\n\n<p class=\"gb-headline gb-headline-00cdbbb4\"><span class=\"gb-icon\"><\/span><span class=\"gb-headline-text\"><strong>Automatizaci\u00f3n de procesos<\/strong><\/span><\/p>\n\n\n\n<p>Elimina duplicidades, reduce tareas manuales y mejora la eficiencia interna.<\/p>\n\n\n\n<p class=\"gb-headline gb-headline-d18fad4c\"><span class=\"gb-icon\"><\/span><span class=\"gb-headline-text\"><strong>Escalabilidad<\/strong><\/span><\/p>\n\n\n\n<p>El software crece con tu negocio, adapt\u00e1ndose a nuevas necesidades e integraciones.<\/p>\n\n<\/div>\t\t\t<\/div>\n\t\t<\/div>\n\t\t\n<p>\u00a1No dudes en\u00a0<a href=\"https:\/\/close.technology\/en\/support\/\">contactar con nosotros<\/a>\u00a0si tienes alguna pregunta! Estaremos encantados de resolverla.<\/p>\n","protected":false},"excerpt":{"rendered":"<p>Sync orders, stock, customers and invoicing in real time, avoiding errors and saving time in your business management.<\/p>\n","protected":false},"featured_media":8383,"comment_status":"open","ping_status":"closed","template":"","meta":{"inline_featured_image":false},"product_brand":[],"product_cat":[123],"product_tag":[],"class_list":{"0":"post-8384","1":"product","2":"type-product","3":"status-publish","4":"has-post-thumbnail","6":"product_cat-wordpress-plugins","7":"sales-flash-overlay","8":"woocommerce-text-align-center","9":"woocommerce-image-align-center","10":"do-quantity-buttons","12":"first","13":"instock","14":"downloadable","15":"virtual","16":"taxable","17":"purchasable","18":"product-type-subscription"},"_links":{"self":[{"href":"https:\/\/close.technology\/en\/wp-json\/wp\/v2\/product\/8384","targetHints":{"allow":["GET"]}}],"collection":[{"href":"https:\/\/close.technology\/en\/wp-json\/wp\/v2\/product"}],"about":[{"href":"https:\/\/close.technology\/en\/wp-json\/wp\/v2\/types\/product"}],"replies":[{"embeddable":true,"href":"https:\/\/close.technology\/en\/wp-json\/wp\/v2\/comments?post=8384"}],"wp:featuredmedia":[{"embeddable":true,"href":"https:\/\/close.technology\/en\/wp-json\/wp\/v2\/media\/8383"}],"wp:attachment":[{"href":"https:\/\/close.technology\/en\/wp-json\/wp\/v2\/media?parent=8384"}],"wp:term":[{"taxonomy":"product_brand","embeddable":true,"href":"https:\/\/close.technology\/en\/wp-json\/wp\/v2\/product_brand?post=8384"},{"taxonomy":"product_cat","embeddable":true,"href":"https:\/\/close.technology\/en\/wp-json\/wp\/v2\/product_cat?post=8384"},{"taxonomy":"product_tag","embeddable":true,"href":"https:\/\/close.technology\/en\/wp-json\/wp\/v2\/product_tag?post=8384"}],"curies":[{"name":"wp","href":"https:\/\/api.w.org\/{rel}","templated":true}]}}