{"id":10595,"date":"2024-01-09T10:52:16","date_gmt":"2024-01-09T09:52:16","guid":{"rendered":"https:\/\/close.technology\/plugins\/integra-clientify-con-fnsrooms\/"},"modified":"2026-04-28T22:47:14","modified_gmt":"2026-04-28T20:47:14","slug":"integra-clientify-con-fnsrooms","status":"publish","type":"product","link":"https:\/\/close.technology\/en\/plugins\/integra-clientify-con-fnsrooms\/","title":{"rendered":"Integra Clientify con FNSrooms"},"content":{"rendered":"\n<p>Gestiona tus contactos de FNSrooms con Clientify.<\/p>\n\n<p>Imagina <strong>guardar los datos de los contactos <\/strong>que almacenas en FNSrooms y <strong>poder interactuar con ellos<\/strong> para llevar a cabo acciones de marketing que desemboquen en m\u00e1s ventas.<\/p>\n\n<p>Esto puede no ser solo un sue\u00f1o, pero empecemos por el principio, \u00bfqu\u00e9 son Clientify y FNSrooms? Aqu\u00ed mismo te lo explicamos.<\/p>\n\n<h2 class=\"wp-block-heading\" id=\"clientify-herramienta-de-marketing\">Clientify: Herramienta de marketing<\/h2>\n\n<p><a href=\"https:\/\/clientify.com\/\" target=\"_blank\" rel=\"noopener\">Clientify<\/a> es una <strong>herramienta de marketing para gestionar las relaciones con el cliente<\/strong>. Una de sus funcionalidades, es la gesti\u00f3n de contactos, ya que permite importar los contactos de las redes sociales y posteriormente interactuar con ellos dentro de la herramienta, como crear tareas, realizar reuniones, etc.\u00a0<\/p>\n\n<div class=\"wp-block-columns is-layout-flex wp-container-core-columns-is-layout-9d6595d7 wp-block-columns-is-layout-flex\">\n<div class=\"wp-block-column is-layout-flow wp-block-column-is-layout-flow\">\n<figure class=\"wp-block-image size-full\"><img decoding=\"async\" width=\"1024\" height=\"383\" src=\"https:\/\/close.technology\/wp-content\/uploads\/2024\/01\/logo-clientify-integracion-clientify-fnsrooms.png\" alt=\"Logo Clientify Integracio&#x301;n Clientify Fnsrooms\" class=\"wp-image-5646\" srcset=\"https:\/\/close.technology\/wp-content\/uploads\/2024\/01\/logo-clientify-integracion-clientify-fnsrooms.png 1024w, https:\/\/close.technology\/wp-content\/uploads\/2024\/01\/logo-clientify-integracion-clientify-fnsrooms-300x112.png 300w, https:\/\/close.technology\/wp-content\/uploads\/2024\/01\/logo-clientify-integracion-clientify-fnsrooms-768x287.png 768w, https:\/\/close.technology\/wp-content\/uploads\/2024\/01\/logo-clientify-integracion-clientify-fnsrooms-450x168.png 450w, https:\/\/close.technology\/wp-content\/uploads\/2024\/01\/logo-clientify-integracion-clientify-fnsrooms-600x224.png 600w\" sizes=\"(max-width: 1024px) 100vw, 1024px\" \/><\/figure>\n<\/div>\n\n\n\n<div class=\"wp-block-column is-vertically-aligned-center is-layout-flow wp-block-column-is-layout-flow\">\n<p>En ella encontramos tambi\u00e9n funcionalidades de Email Marketing, automatizaciones, Landing Page, Formularios de Contacto, Social Media y herramientas de ventas.<\/p>\n<\/div>\n<\/div>\n\n<p>Es importante para los negocios <strong>captar las oportunidades de venta<\/strong>, y en Clientify se puede llevar a cabo un proceso completo de venta con los clientes, comprobando si se cerr\u00f3 o no la venta o los involucrados.\u00a0<\/p>\n\n<h2 class=\"wp-block-heading\" id=\"holded-un-software-de-gestion\">FNSrooms: Software de gesti\u00f3n de hoteles<\/h2>\n\n<p><a href=\"https:\/\/www.fnsrooms.com\/\" target=\"_blank\" rel=\"noopener\">FNSrooms<\/a> es un proveedor que ofrece soluciones tecnol\u00f3gicas para tu hotel, de forma que encuentran una soluci\u00f3n f\u00e1cil a los problemas habituales a los que os enfrent\u00e1is los hoteleros. <\/p>\n\n<p>Se trata de un <strong>software que ayuda de forma integral con los alojamientos<\/strong>, mejorando la distribuci\u00f3n y gestionando el tema de reservas. Entre sus funcionalidades se encuentran:<\/p>\n\n<div class=\"wp-block-columns is-layout-flex wp-container-core-columns-is-layout-9d6595d7 wp-block-columns-is-layout-flex\">\n<div class=\"wp-block-column is-layout-flow wp-block-column-is-layout-flow\">\n<figure class=\"wp-block-image size-full\"><img decoding=\"async\" width=\"556\" height=\"280\" src=\"https:\/\/close.technology\/wp-content\/uploads\/2024\/01\/logo-fnsrooms-integracion-clientify-fnsrooms.png\" alt=\"Logo Fnsrooms Integracio&#x301;n Clientify Fnsrooms\" class=\"wp-image-5647\" srcset=\"https:\/\/close.technology\/wp-content\/uploads\/2024\/01\/logo-fnsrooms-integracion-clientify-fnsrooms.png 556w, https:\/\/close.technology\/wp-content\/uploads\/2024\/01\/logo-fnsrooms-integracion-clientify-fnsrooms-300x151.png 300w, https:\/\/close.technology\/wp-content\/uploads\/2024\/01\/logo-fnsrooms-integracion-clientify-fnsrooms-450x227.png 450w\" sizes=\"(max-width: 556px) 100vw, 556px\" \/><\/figure>\n<\/div>\n\n\n\n<div class=\"wp-block-column is-vertically-aligned-center is-layout-flow wp-block-column-is-layout-flow\">\n<ul class=\"wp-block-list\">\n<li>Gesti\u00f3n de cobros y pagos seguros<\/li>\n\n\n\n<li>Facturaci\u00f3n electr\u00f3nica<\/li>\n\n\n\n<li>TPV restaurante<\/li>\n\n\n\n<li>Gesti\u00f3n de bodega<\/li>\n\n\n\n<li>Check-in online<\/li>\n\n\n\n<li>M\u00f3dulo eventos<\/li>\n<\/ul>\n<\/div>\n<\/div>\n\n<p>Utilizar <strong>FNSrooms<\/strong> hace que toda la gesti\u00f3n del hotel est\u00e9 mucho m\u00e1s controlada y de una manera mucho m\u00e1s f\u00e1cil, <strong>aumentando as\u00ed la productividad de tu empresa.<\/strong> <\/p>\n\n<p>Adem\u00e1s, cuenta con departamentos espec\u00edficos para ayudar, formar y dar soporte a los usuarios para la puesta en marcha y funcionamiento.<\/p>\n\n<h2 class=\"wp-block-heading\"><strong>\u00bfC\u00f3mo funciona la integraci\u00f3n Clientify &#8211; FNSrooms?<\/strong><\/h2>\n\n<p>Con esta integraci\u00f3n, cada reserva que gestiones en FNSrooms guarda todos los datos del contacto principal de la reserva en Clientify, es decir, aquella persona que ha efectuado la reserva. <\/p>\n\n<p>Adem\u00e1s, en Clientify se genera una \u201c<em>Oportunidad ganada<\/em>\u201d a nombre de esta reserva y vinculada al contacto para que puedas tomar las medidas que estimes y <strong>conseguir as\u00ed m\u00e1s ventas<\/strong>. <\/p>\n\n<p>Dentro de esta \u201c<em>Oportunidad ganada<\/em>\u201d se podr\u00e1 ver un resumen igual al del contacto, siendo los datos los siguientes:<\/p>\n\n<ul class=\"wp-block-list\">\n<li>ID<\/li>\n\n\n\n<li>IDFNS<\/li>\n\n\n\n<li>Source<\/li>\n\n\n\n<li>Start<\/li>\n\n\n\n<li>End<\/li>\n\n\n\n<li>Fecha Check-in y cuando se hace<\/li>\n\n\n\n<li>Fecha Check-Out y cuando se hace<\/li>\n\n\n\n<li>Contactos adultos<\/li>\n\n\n\n<li>Contactos menores de 18 a\u00f1os<\/li>\n\n\n\n<li>Tipo habitaci\u00f3n<\/li>\n\n\n\n<li>Nombre del Hotel donde se ha efectuado la reserva<\/li>\n\n\n\n<li>N\u00famero de personas de la reserva<\/li>\n\n\n\n<li>Importe de la reserva<\/li>\n\n\n\n<li>Desglose diario de la reserva<\/li>\n\n\n\n<li>Estado actual de la reserva (Book, Cancel, Modify)<\/li>\n<\/ul>\n\n<p>Toda esta informaci\u00f3n servir\u00e1 para plantear una correcta estrategia de ventas, <strong>aprovechando al m\u00e1ximo los recursos y generando nuevas oportunidades de venta<\/strong>.<\/p>\n<div class=\"wp-block-image\">\n<figure class=\"aligncenter size-full is-resized\"><img decoding=\"async\" width=\"518\" height=\"345\" src=\"https:\/\/close.technology\/wp-content\/uploads\/2024\/01\/recepcionista-en-hotel-utilizando-integracion-clientify-fnfrooms.png\" alt=\"Recepcionista En Hotel Utilizando Integracio&#x301;n Clientify Fnfrooms\" class=\"wp-image-5645\" style=\"width:390px;height:auto\" srcset=\"https:\/\/close.technology\/wp-content\/uploads\/2024\/01\/recepcionista-en-hotel-utilizando-integracion-clientify-fnfrooms.png 518w, https:\/\/close.technology\/wp-content\/uploads\/2024\/01\/recepcionista-en-hotel-utilizando-integracion-clientify-fnfrooms-300x200.png 300w, https:\/\/close.technology\/wp-content\/uploads\/2024\/01\/recepcionista-en-hotel-utilizando-integracion-clientify-fnfrooms-428x285.png 428w\" sizes=\"(max-width: 518px) 100vw, 518px\" \/><\/figure>\n<\/div>\n<div style=\"height:53px\" aria-hidden=\"true\" class=\"wp-block-spacer\"><\/div>\n\n<h2 class=\"wp-block-heading\"><strong>\u00bfC\u00f3mo se activa la integraci\u00f3n?<\/strong><\/h2>\n\n<p>Para activar la integraci\u00f3n de Clientify con FNSrooms, hay que solicitar a FNSrooms que activen la notificaci\u00f3n push para los hoteles deseados a la url que se les dar\u00e1 desde Clientify.<\/p>\n\n<p>FNSrooms les proporcionar\u00e1 los datos para introducir en la tarjeta de Clientify (Usuario,Password, ID hoteles\u2026), una vez verificados, todas las reservas ir\u00e1n sincroniz\u00e1ndose con la cuenta del cliente.<\/p>\n\n<h2 class=\"wp-block-heading\"><strong>A tener en cuenta<\/strong><\/h2>\n\n<ul class=\"wp-block-list\">\n<li>La recepci\u00f3n de la reserva se efect\u00faa mediante el servicio de notificaci\u00f3n push de FNSrooms, de forma autom\u00e1tica, y en tiempo real mediante webhook.<\/li>\n\n\n\n<li>Cabe destacar que <strong>solo se guardar\u00e1n en Clientify los datos de los contactos mayores de 18 a\u00f1os<\/strong>.<\/li>\n<\/ul>\n\n<p>\u00a1No dudes en <a href=\"https:\/\/close.technology\/en\/contact\/\">contactar con nosotros<\/a> si tienes alguna pregunta! Estaremos encantados de resolverla.<\/p>\n\n<div data-wp-context=\"{&quot;notices&quot;:[],&quot;hideNextPreviousButtons&quot;:false,&quot;isDisabledPrevious&quot;:true,&quot;isDisabledNext&quot;:false,&quot;ariaLabelPrevious&quot;:&quot;Previous products&quot;,&quot;ariaLabelNext&quot;:&quot;Next products&quot;,&quot;collection&quot;:&quot;woocommerce\\\/product-collection\\\/hand-picked&quot;}\" data-wp-init=\"callbacks.onRender\" data-wp-interactive=\"woocommerce\/product-collection\" data-wp-router-region=\"wc-product-collection-0\" data-__private-preview-state=\"{&quot;isPreview&quot;:false,&quot;previewMessage&quot;:&quot;Los productos reales pueden diferir en funci\\u00f3n de la p\\u00e1gina en la que se est\\u00e9n viendo.&quot;}\" data-block-name=\"woocommerce\/product-collection\" data-collection=\"woocommerce\/product-collection\/hand-picked\" data-dimensions=\"{&quot;widthType&quot;:&quot;fill&quot;}\" data-display-layout=\"{&quot;type&quot;:&quot;flex&quot;,&quot;columns&quot;:5,&quot;shrinkColumns&quot;:true}\" data-hide-controls=\"[&quot;inherit&quot;,&quot;hand-picked&quot;,&quot;filterable&quot;,&quot;order&quot;]\" data-query-context-includes=\"[&quot;collection&quot;]\" data-query-id=\"0\" data-query=\"{&quot;perPage&quot;:9,&quot;pages&quot;:0,&quot;offset&quot;:0,&quot;postType&quot;:&quot;product&quot;,&quot;order&quot;:&quot;asc&quot;,&quot;orderBy&quot;:&quot;post__in&quot;,&quot;search&quot;:&quot;&quot;,&quot;exclude&quot;:[],&quot;inherit&quot;:false,&quot;taxQuery&quot;:[],&quot;isProductCollectionBlock&quot;:true,&quot;featured&quot;:false,&quot;woocommerceOnSale&quot;:false,&quot;woocommerceStockStatus&quot;:[&quot;instock&quot;,&quot;outofstock&quot;,&quot;onbackorder&quot;],&quot;woocommerceAttributes&quot;:[],&quot;woocommerceHandPickedProducts&quot;:[&quot;5309&quot;,&quot;7214&quot;,&quot;1765&quot;,&quot;5575&quot;],&quot;filterable&quot;:false,&quot;relatedBy&quot;:{&quot;categories&quot;:true,&quot;tags&quot;:true}}\" data-tag-name=\"div\" class=\"wp-block-woocommerce-product-collection is-layout-flow wp-block-woocommerce-product-collection-is-layout-flow\">\t\t<div data-wp-interactive=\"woocommerce\/store-notices\" class=\"wc-block-components-notices alignwide\">\n\t\t\t<template data-wp-each--notice=\"state.notices\" data-wp-each-key=\"context.notice.id\">\n\t\t\t\t<div\n\t\t\t\t\tclass=\"wc-block-components-notice-banner\"\n\t\t\t\t\tdata-wp-init=\"callbacks.scrollIntoView\"\n\t\t\t\t\tdata-wp-class--is-error=\"state.isError\"\n\t\t\t\t\tdata-wp-class--is-success=\"state.isSuccess\"\n\t\t\t\t\tdata-wp-class--is-info=\"state.isInfo\"\n\t\t\t\t\tdata-wp-class--is-dismissible=\"context.notice.dismissible\"\n\t\t\t\t\tdata-wp-bind--role=\"state.role\"\n\t\t\t\t\tdata-wp-watch=\"callbacks.injectIcon\"\n\t\t\t\t>\n\t\t\t\t\t<div class=\"wc-block-components-notice-banner__content\">\n\t\t\t\t\t\t<span data-wp-init=\"callbacks.renderNoticeContent\" aria-live=\"assertive\" aria-atomic=\"true\"><\/span>\n\t\t\t\t\t<\/div>\n\t\t\t\t\t<button\n\t\t\t\t\t\tdata-wp-bind--hidden=\"!context.notice.dismissible\"\n\t\t\t\t\t\tclass=\"wc-block-components-button wp-element-button wc-block-components-notice-banner__dismiss contained\"\n\t\t\t\t\t\taria-label=\"Dismiss this notice\"\n\t\t\t\t\t\tdata-wp-on--click=\"actions.removeNotice\"\n\t\t\t\t\t>\n\t\t\t\t\t\t<svg xmlns=\"http:\/\/www.w3.org\/2000\/svg\" viewBox=\"0 0 24 24\">\n\t\t\t\t\t\t\t<path d=\"M13 11.8l6.1-6.3-1-1-6.1 6.2-6.1-6.2-1 1 6.1 6.3-6.5 6.7 1 1 6.5-6.6 6.5 6.6 1-1z\" \/>\n\t\t\t\t\t\t<\/svg>\n\t\t\t\t\t<\/button>\n\t\t\t\t<\/div>\n\t\t\t<\/template>\n\t\t<\/div>\n\t\t\n<h2 class=\"wp-block-heading has-text-align-center\" style=\"margin-bottom:1rem\">Productos recomendados<\/h2>\n\n\n<ul data-block-name=\"woocommerce\/product-template\" class=\"wc-block-product-template__responsive columns-5 wc-block-product-template wp-block-woocommerce-product-template is-layout-flow wp-block-woocommerce-product-template-is-layout-flow\" data-wp-on--scroll=\"actions.watchScroll\" data-wp-init=\"callbacks.initResizeObserver\"><li class=\"wc-block-product post-10147 product type-product status-publish has-post-thumbnail product_cat-botcamp sales-flash-overlay woocommerce-text-align-center woocommerce-image-align-center do-quantity-buttons first instock virtual taxable purchasable product-type-subscription\"\n\t\t\t\t\t\n\t\t\t\tdata-wp-interactive=\"woocommerce\/product-collection\"\n\t\t\t\tdata-wp-context='{\"productId\":10147}'\n\t\t\t\tdata-wp-key=\"product-item-10147\"\n\t\t\t\n\t\t\t\t>\n\t\t\t\t\t\n<div data-block-name=\"woocommerce\/product-image\" data-image-sizing=\"thumbnail\" data-is-descendent-of-query-loop=\"true\" data-show-sale-badge=\"false\" class=\"wc-block-components-product-image wc-block-grid__product-image wc-block-components-product-image--aspect-ratio-auto wp-block-woocommerce-product-image\"><a href=\"https:\/\/close.technology\/en\/plugins\/integrate-clientify-with-odoo\/\" style=\"\" data-wp-on--click=\"woocommerce\/product-collection::actions.viewProduct\"><img decoding=\"async\" width=\"365\" height=\"250\" src=\"https:\/\/close.technology\/wp-content\/uploads\/2023\/07\/conecta-clientify-con-odoo-1.png\" class=\"attachment-woocommerce_thumbnail size-woocommerce_thumbnail\" alt=\"Connect Clientify With Odoo\" data-testid=\"product-image\" data-image-id=\"10146\" style=\"object-fit:cover;\" loading=\"lazy\" srcset=\"https:\/\/close.technology\/wp-content\/uploads\/2023\/07\/conecta-clientify-con-odoo-1.png 365w, https:\/\/close.technology\/wp-content\/uploads\/2023\/07\/conecta-clientify-con-odoo-1-300x205.png 300w\" sizes=\"auto, (max-width: 365px) 100vw, 365px\" \/><div class=\"wc-block-components-product-image__inner-container\">\n\n<\/div><\/a><\/div>\n\n<h2 style=\"line-height:1.4; margin-bottom:0.75rem;margin-top:0;\" class=\"has-text-align-center wp-block-post-title has-medium-font-size\"><a data-wp-on--click=\"woocommerce\/product-collection::actions.viewProduct\" href=\"https:\/\/close.technology\/en\/plugins\/integrate-clientify-with-odoo\/\" target=\"_self\">Integrate Clientify with Odoo<\/a><\/h2>\n\n<div data-block-name=\"woocommerce\/product-price\" data-font-size=\"small\" data-is-descendent-of-query-loop=\"true\" data-text-align=\"center\" class=\"has-font-size has-small-font-size has-text-align-center wp-block-woocommerce-product-price has-small-font-size\" ><div class=\"wc-block-components-product-price wc-block-grid__product-price\" >\n\t\t\t\t\t<span class=\"woocommerce-Price-amount amount\"><bdi>15,00<span class=\"woocommerce-Price-currencySymbol\">&euro;<\/span><\/bdi><\/span> <small class=\"woocommerce-price-suffix\">IVA inclu\u00eddo<\/small> <span class=\"subscription-details\"> \/ month<\/span>\n\t\t\t\t<\/div><\/div>\n\n<div data-block-name=\"woocommerce\/product-button\" data-font-size=\"small\" data-is-descendent-of-query-loop=\"true\" data-text-align=\"center\" class=\"wp-block-button wc-block-components-product-button   align-center wp-block-woocommerce-product-button has-small-font-size\"\n\t\t\t\t\t\n\t\t\t\t\tdata-wp-context='{\"quantityToAdd\":1,\"productId\":10147,\"productType\":\"subscription\",\"addToCartText\":\"Comprar Ahora\",\"tempQuantity\":0,\"animationStatus\":\"IDLE\",\"inTheCartText\":\"### in cart\",\"noticeId\":\"\",\"hasPressedButton\":false}'\n\t\t\t\t>\n\t\t\t\t\t<a\n\t\t\t\t\t\tclass=\"wp-block-button__link wp-element-button wc-block-components-product-button__button add_to_cart_button product_type_subscription has-font-size has-small-font-size has-text-align-center wc-interactive\"\n\t\t\t\t\t\tstyle=\"\"\n\t\t\t\t\t\thref=\"\/en\/wp-json\/wp\/v2\/product\/10595?add-to-cart=10147\" rel=\"nofollow\" data-product_id=\"10147\" data-product_sku=\"INCLOD\" aria-label=\"Comprar Ahora: &ldquo;Integrate Clientify with Odoo&rdquo;\"\n\t\t\t\t\t\tdata-wp-on--click=\"woocommerce\/product-collection::actions.viewProduct\"\n\t\t\t\t\t>\n\t\t\t\t\t<span >Comprar Ahora<\/span>\n\t\t\t\t\t<\/a>\n\t\t\t\t\t\n\t\t\t\t<\/div>\n\n\t\t\t\t<\/li><li class=\"wc-block-product post-9404 product type-product status-publish has-post-thumbnail product_cat-botcamp sales-flash-overlay woocommerce-text-align-center woocommerce-image-align-center do-quantity-buttons  instock virtual taxable purchasable product-type-subscription\"\n\t\t\t\t\t\n\t\t\t\tdata-wp-interactive=\"woocommerce\/product-collection\"\n\t\t\t\tdata-wp-context='{\"productId\":9404}'\n\t\t\t\tdata-wp-key=\"product-item-9404\"\n\t\t\t\n\t\t\t\t>\n\t\t\t\t\t\n<div data-block-name=\"woocommerce\/product-image\" data-image-sizing=\"thumbnail\" data-is-descendent-of-query-loop=\"true\" data-show-sale-badge=\"false\" class=\"wc-block-components-product-image wc-block-grid__product-image wc-block-components-product-image--aspect-ratio-auto wp-block-woocommerce-product-image\"><a href=\"https:\/\/close.technology\/en\/plugins\/connect-clientify-with-holded\/\" style=\"\" data-wp-on--click=\"woocommerce\/product-collection::actions.viewProduct\"><img decoding=\"async\" width=\"365\" height=\"250\" src=\"https:\/\/close.technology\/wp-content\/uploads\/2022\/02\/conecta-clientify-con-holded-1.svg\" class=\"attachment-woocommerce_thumbnail size-woocommerce_thumbnail\" alt=\"Connect Clientify with Holded 1\" data-testid=\"product-image\" data-image-id=\"9403\" style=\"object-fit:cover;\" loading=\"lazy\" \/><div class=\"wc-block-components-product-image__inner-container\">\n\n<\/div><\/a><\/div>\n\n<h2 style=\"line-height:1.4; margin-bottom:0.75rem;margin-top:0;\" class=\"has-text-align-center wp-block-post-title has-medium-font-size\"><a data-wp-on--click=\"woocommerce\/product-collection::actions.viewProduct\" href=\"https:\/\/close.technology\/en\/plugins\/connect-clientify-with-holded\/\" target=\"_self\">Connect Clientify with Holded<\/a><\/h2>\n\n<div data-block-name=\"woocommerce\/product-price\" data-font-size=\"small\" data-is-descendent-of-query-loop=\"true\" data-text-align=\"center\" class=\"has-font-size has-small-font-size has-text-align-center wp-block-woocommerce-product-price has-small-font-size\" ><div class=\"wc-block-components-product-price wc-block-grid__product-price\" >\n\t\t\t\t\t<span class=\"woocommerce-Price-amount amount\"><bdi>0,00<span class=\"woocommerce-Price-currencySymbol\">&euro;<\/span><\/bdi><\/span> <small class=\"woocommerce-price-suffix\">IVA inclu\u00eddo<\/small> <span class=\"subscription-details\"> \/ year<\/span>\n\t\t\t\t<\/div><\/div>\n\n<div data-block-name=\"woocommerce\/product-button\" data-font-size=\"small\" data-is-descendent-of-query-loop=\"true\" data-text-align=\"center\" class=\"wp-block-button wc-block-components-product-button   align-center wp-block-woocommerce-product-button has-small-font-size\"\n\t\t\t\t\t\n\t\t\t\t\tdata-wp-context='{\"quantityToAdd\":1,\"productId\":9404,\"productType\":\"subscription\",\"addToCartText\":\"Comprar Ahora\",\"tempQuantity\":0,\"animationStatus\":\"IDLE\",\"inTheCartText\":\"### in cart\",\"noticeId\":\"\",\"hasPressedButton\":false}'\n\t\t\t\t>\n\t\t\t\t\t<a\n\t\t\t\t\t\tclass=\"wp-block-button__link wp-element-button wc-block-components-product-button__button add_to_cart_button product_type_subscription has-font-size has-small-font-size has-text-align-center wc-interactive\"\n\t\t\t\t\t\tstyle=\"\"\n\t\t\t\t\t\thref=\"\/en\/wp-json\/wp\/v2\/product\/10595?add-to-cart=9404\" rel=\"nofollow\" data-product_id=\"9404\" data-product_sku=\"COCLIHOLD1\" aria-label=\"Comprar Ahora: &ldquo;Connect Clientify with Holded&rdquo;\"\n\t\t\t\t\t\tdata-wp-on--click=\"woocommerce\/product-collection::actions.viewProduct\"\n\t\t\t\t\t>\n\t\t\t\t\t<span >Comprar Ahora<\/span>\n\t\t\t\t\t<\/a>\n\t\t\t\t\t\n\t\t\t\t<\/div>\n\n\t\t\t\t<\/li><li class=\"wc-block-product post-10164 product type-product status-publish has-post-thumbnail product_cat-botcamp sales-flash-overlay woocommerce-text-align-center woocommerce-image-align-center do-quantity-buttons last instock virtual taxable purchasable product-type-subscription\"\n\t\t\t\t\t\n\t\t\t\tdata-wp-interactive=\"woocommerce\/product-collection\"\n\t\t\t\tdata-wp-context='{\"productId\":10164}'\n\t\t\t\tdata-wp-key=\"product-item-10164\"\n\t\t\t\n\t\t\t\t>\n\t\t\t\t\t\n<div data-block-name=\"woocommerce\/product-image\" data-image-sizing=\"thumbnail\" data-is-descendent-of-query-loop=\"true\" data-show-sale-badge=\"false\" class=\"wc-block-components-product-image wc-block-grid__product-image wc-block-components-product-image--aspect-ratio-auto wp-block-woocommerce-product-image\"><a href=\"https:\/\/close.technology\/en\/plugins\/integrate-clientify-with-magento\/\" style=\"\" data-wp-on--click=\"woocommerce\/product-collection::actions.viewProduct\"><img decoding=\"async\" width=\"365\" height=\"250\" src=\"https:\/\/close.technology\/wp-content\/uploads\/2024\/01\/conecta-clientify-con-magento.svg\" class=\"attachment-woocommerce_thumbnail size-woocommerce_thumbnail\" alt=\"Connect Clientify With Magento\" data-testid=\"product-image\" data-image-id=\"10160\" style=\"object-fit:cover;\" loading=\"lazy\" \/><div class=\"wc-block-components-product-image__inner-container\">\n\n<\/div><\/a><\/div>\n\n<h2 style=\"line-height:1.4; margin-bottom:0.75rem;margin-top:0;\" class=\"has-text-align-center wp-block-post-title has-medium-font-size\"><a data-wp-on--click=\"woocommerce\/product-collection::actions.viewProduct\" href=\"https:\/\/close.technology\/en\/plugins\/integrate-clientify-with-magento\/\" target=\"_self\">Integrate Clientify with Magento<\/a><\/h2>\n\n<div data-block-name=\"woocommerce\/product-price\" data-font-size=\"small\" data-is-descendent-of-query-loop=\"true\" data-text-align=\"center\" class=\"has-font-size has-small-font-size has-text-align-center wp-block-woocommerce-product-price has-small-font-size\" ><div class=\"wc-block-components-product-price wc-block-grid__product-price\" >\n\t\t\t\t\t<span class=\"woocommerce-Price-amount amount\"><bdi>15,00<span class=\"woocommerce-Price-currencySymbol\">&euro;<\/span><\/bdi><\/span> <small class=\"woocommerce-price-suffix\">IVA inclu\u00eddo<\/small> <span class=\"subscription-details\"> \/ month<\/span>\n\t\t\t\t<\/div><\/div>\n\n<div data-block-name=\"woocommerce\/product-button\" data-font-size=\"small\" data-is-descendent-of-query-loop=\"true\" data-text-align=\"center\" class=\"wp-block-button wc-block-components-product-button   align-center wp-block-woocommerce-product-button has-small-font-size\"\n\t\t\t\t\t\n\t\t\t\t\tdata-wp-context='{\"quantityToAdd\":1,\"productId\":10164,\"productType\":\"subscription\",\"addToCartText\":\"Comprar Ahora\",\"tempQuantity\":0,\"animationStatus\":\"IDLE\",\"inTheCartText\":\"### in cart\",\"noticeId\":\"\",\"hasPressedButton\":false}'\n\t\t\t\t>\n\t\t\t\t\t<a\n\t\t\t\t\t\tclass=\"wp-block-button__link wp-element-button wc-block-components-product-button__button add_to_cart_button product_type_subscription has-font-size has-small-font-size has-text-align-center wc-interactive\"\n\t\t\t\t\t\tstyle=\"\"\n\t\t\t\t\t\thref=\"\/en\/wp-json\/wp\/v2\/product\/10595?add-to-cart=10164\" rel=\"nofollow\" data-product_id=\"10164\" data-product_sku=\"INCLMG\" aria-label=\"Comprar Ahora: &ldquo;Integrate Clientify with Magento&rdquo;\"\n\t\t\t\t\t\tdata-wp-on--click=\"woocommerce\/product-collection::actions.viewProduct\"\n\t\t\t\t\t>\n\t\t\t\t\t<span >Comprar Ahora<\/span>\n\t\t\t\t\t<\/a>\n\t\t\t\t\t\n\t\t\t\t<\/div>\n\n\t\t\t\t<\/li><\/ul>\n\n<\/div>\n","protected":false},"excerpt":{"rendered":"<p>Integra Clientify con FNSrooms.<\/p>\n<p>&nbsp;<\/p>\n","protected":false},"featured_media":10171,"comment_status":"open","ping_status":"closed","template":"","meta":{"inline_featured_image":false},"product_brand":[],"product_cat":[140],"product_tag":[],"class_list":{"0":"post-10595","1":"product","2":"type-product","3":"status-publish","4":"has-post-thumbnail","6":"product_cat-botcamp","7":"sales-flash-overlay","8":"woocommerce-text-align-center","9":"woocommerce-image-align-center","10":"do-quantity-buttons","12":"first","13":"instock","14":"virtual","15":"taxable","16":"purchasable","17":"product-type-subscription"},"_links":{"self":[{"href":"https:\/\/close.technology\/en\/wp-json\/wp\/v2\/product\/10595","targetHints":{"allow":["GET"]}}],"collection":[{"href":"https:\/\/close.technology\/en\/wp-json\/wp\/v2\/product"}],"about":[{"href":"https:\/\/close.technology\/en\/wp-json\/wp\/v2\/types\/product"}],"replies":[{"embeddable":true,"href":"https:\/\/close.technology\/en\/wp-json\/wp\/v2\/comments?post=10595"}],"wp:featuredmedia":[{"embeddable":true,"href":"https:\/\/close.technology\/en\/wp-json\/wp\/v2\/media\/10171"}],"wp:attachment":[{"href":"https:\/\/close.technology\/en\/wp-json\/wp\/v2\/media?parent=10595"}],"wp:term":[{"taxonomy":"product_brand","embeddable":true,"href":"https:\/\/close.technology\/en\/wp-json\/wp\/v2\/product_brand?post=10595"},{"taxonomy":"product_cat","embeddable":true,"href":"https:\/\/close.technology\/en\/wp-json\/wp\/v2\/product_cat?post=10595"},{"taxonomy":"product_tag","embeddable":true,"href":"https:\/\/close.technology\/en\/wp-json\/wp\/v2\/product_tag?post=10595"}],"curies":[{"name":"wp","href":"https:\/\/api.w.org\/{rel}","templated":true}]}}